{"id":2,"date":"2024-06-06T16:11:41","date_gmt":"2024-06-06T16:11:41","guid":{"rendered":"https:\/\/transportesurdangarin.rkinformatika.online\/?page_id=2"},"modified":"2024-06-07T09:59:21","modified_gmt":"2024-06-07T09:59:21","slug":"inicio","status":"publish","type":"page","link":"https:\/\/transportesurdangarin.com\/eus\/","title":{"rendered":"Hasiera"},"content":{"rendered":"<div data-elementor-type=\"wp-page\" data-elementor-id=\"2\" class=\"elementor elementor-2\" data-elementor-post-type=\"page\">\n\t\t\t\t\t\t<section class=\"elementor-section elementor-top-section elementor-element elementor-element-d5b3ca2 elementor-section-full_width elementor-section-height-min-height elementor-section-height-default elementor-section-items-middle\" data-id=\"d5b3ca2\" data-element_type=\"section\" data-e-type=\"section\" data-settings=\"{&quot;background_background&quot;:&quot;classic&quot;}\">\n\t\t\t\t\t\t\t<div class=\"elementor-background-overlay\"><\/div>\n\t\t\t\t\t\t\t<div class=\"elementor-container elementor-column-gap-default\">\n\t\t\t\t\t<div class=\"elementor-column elementor-col-100 elementor-top-column elementor-element elementor-element-f527d02\" data-id=\"f527d02\" data-element_type=\"column\" data-e-type=\"column\">\n\t\t\t<div class=\"elementor-widget-wrap elementor-element-populated\">\n\t\t\t\t\t\t<div class=\"elementor-element elementor-element-2bf1659 elementor-widget elementor-widget-heading\" data-id=\"2bf1659\" data-element_type=\"widget\" data-e-type=\"widget\" data-widget_type=\"heading.default\">\n\t\t\t\t<div class=\"elementor-widget-container\">\n\t\t\t\t\t<h2 class=\"elementor-heading-title elementor-size-default\">ONGI ETORRI <br>TRANS R.URDANGARIN<\/h2>\t\t\t\t<\/div>\n\t\t\t\t<\/div>\n\t\t\t\t\t<\/div>\n\t\t<\/div>\n\t\t\t\t\t<\/div>\n\t\t<\/section>\n\t\t<div class=\"elementor-element elementor-element-e99b88e e-flex e-con-boxed e-con e-parent\" data-id=\"e99b88e\" data-element_type=\"container\" data-e-type=\"container\">\n\t\t\t\t\t<div class=\"e-con-inner\">\n\t\t\t\t<div class=\"elementor-element elementor-element-f8a651c elementor-widget elementor-widget-heading\" data-id=\"f8a651c\" data-element_type=\"widget\" data-e-type=\"widget\" data-widget_type=\"heading.default\">\n\t\t\t\t<div class=\"elementor-widget-container\">\n\t\t\t\t\t<h2 class=\"elementor-heading-title elementor-size-default\">Guri Buruz<\/h2>\t\t\t\t<\/div>\n\t\t\t\t<\/div>\n\t\t\t\t\t<\/div>\n\t\t\t\t<\/div>\n\t\t<div class=\"elementor-element elementor-element-5b60b56 e-flex e-con-boxed e-con e-parent\" data-id=\"5b60b56\" data-element_type=\"container\" data-e-type=\"container\">\n\t\t\t\t\t<div class=\"e-con-inner\">\n\t\t<div class=\"elementor-element elementor-element-2483d1c e-con-full e-flex e-con e-child\" data-id=\"2483d1c\" data-element_type=\"container\" data-e-type=\"container\">\n\t\t\t\t<div class=\"elementor-element elementor-element-af1aa2b elementor-widget elementor-widget-text-editor\" data-id=\"af1aa2b\" data-element_type=\"widget\" data-e-type=\"widget\" data-widget_type=\"text-editor.default\">\n\t\t\t\t<div class=\"elementor-widget-container\">\n\t\t\t\t\t\t\t\t\t<p>Euskadiko eskualdeko garraioko profesional honek 30 urte baino gehiagoko esperientzia du autonomo gisa, eta kalitatezko zerbitzu eraginkorra eskaintzen die eskualdean ditugun bezeroei.<\/p>\t\t\t\t\t\t\t\t<\/div>\n\t\t\t\t<\/div>\n\t\t\t\t<\/div>\n\t\t<div class=\"elementor-element elementor-element-bd23098 e-con-full e-flex e-con e-child\" data-id=\"bd23098\" data-element_type=\"container\" data-e-type=\"container\">\n\t\t\t\t<div class=\"elementor-element elementor-element-82d414e elementor-widget elementor-widget-image\" data-id=\"82d414e\" data-element_type=\"widget\" data-e-type=\"widget\" data-widget_type=\"image.default\">\n\t\t\t\t<div class=\"elementor-widget-container\">\n\t\t\t\t\t\t\t\t\t\t\t\t\t\t\t<img fetchpriority=\"high\" decoding=\"async\" width=\"1500\" height=\"2000\" src=\"https:\/\/transportesurdangarin.com\/wp-content\/uploads\/2024\/06\/WhatsApp-Image-2024-06-07-at-11.31.38.jpeg\" class=\"attachment-full size-full wp-image-297\" alt=\"\" srcset=\"https:\/\/transportesurdangarin.com\/wp-content\/uploads\/2024\/06\/WhatsApp-Image-2024-06-07-at-11.31.38.jpeg 1500w, https:\/\/transportesurdangarin.com\/wp-content\/uploads\/2024\/06\/WhatsApp-Image-2024-06-07-at-11.31.38-225x300.jpeg 225w, https:\/\/transportesurdangarin.com\/wp-content\/uploads\/2024\/06\/WhatsApp-Image-2024-06-07-at-11.31.38-768x1024.jpeg 768w, https:\/\/transportesurdangarin.com\/wp-content\/uploads\/2024\/06\/WhatsApp-Image-2024-06-07-at-11.31.38-1152x1536.jpeg 1152w, https:\/\/transportesurdangarin.com\/wp-content\/uploads\/2024\/06\/WhatsApp-Image-2024-06-07-at-11.31.38-9x12.jpeg 9w\" sizes=\"(max-width: 1500px) 100vw, 1500px\" \/>\t\t\t\t\t\t\t\t\t\t\t\t\t\t\t<\/div>\n\t\t\t\t<\/div>\n\t\t\t\t<\/div>\n\t\t\t\t\t<\/div>\n\t\t\t\t<\/div>\n\t\t<div class=\"elementor-element elementor-element-dd276a9 e-con-full e-flex e-con e-parent\" data-id=\"dd276a9\" data-element_type=\"container\" data-e-type=\"container\" data-settings=\"{&quot;background_background&quot;:&quot;classic&quot;}\">\n\t\t\t\t<div class=\"elementor-element elementor-element-449b54e elementor-widget elementor-widget-heading\" data-id=\"449b54e\" data-element_type=\"widget\" data-e-type=\"widget\" data-widget_type=\"heading.default\">\n\t\t\t\t<div class=\"elementor-widget-container\">\n\t\t\t\t\t<h2 class=\"elementor-heading-title elementor-size-default\">Gehiago jakin nahi duzu gure lanari buruz?<\/h2>\t\t\t\t<\/div>\n\t\t\t\t<\/div>\n\t\t\t\t<div class=\"elementor-element elementor-element-09a38d0 elementor-align-center elementor-widget elementor-widget-button\" data-id=\"09a38d0\" data-element_type=\"widget\" data-e-type=\"widget\" data-widget_type=\"button.default\">\n\t\t\t\t<div class=\"elementor-widget-container\">\n\t\t\t\t\t\t\t\t\t<div class=\"elementor-button-wrapper\">\n\t\t\t\t\t<a class=\"elementor-button elementor-button-link elementor-size-sm\" href=\"https:\/\/transportesurdangarin.com\/eus\/servicios\/\">\n\t\t\t\t\t\t<span class=\"elementor-button-content-wrapper\">\n\t\t\t\t\t\t\t\t\t<span class=\"elementor-button-text\">Ikusi Zerbitzuak<\/span>\n\t\t\t\t\t<\/span>\n\t\t\t\t\t<\/a>\n\t\t\t\t<\/div>\n\t\t\t\t\t\t\t\t<\/div>\n\t\t\t\t<\/div>\n\t\t\t\t<\/div>\n\t\t\t\t<\/div>","protected":false},"excerpt":{"rendered":"<p>BIENVENIDOS A TRANS R.URDANGARIN Sobre Nosotros Profesional del transporte comarcal en Euskadi con m\u00e1s de 30 a\u00f1os de experiencia como aut\u00f3nomo, dedicado a brindar un servicio de calidad y eficiente a nuestros clientes en la regi\u00f3n. \u00bfQuieres saber m\u00e1s sobre nuestro trabajo? Ver Servicios<\/p>","protected":false},"author":1,"featured_media":0,"parent":0,"menu_order":0,"comment_status":"closed","ping_status":"closed","template":"elementor_canvas","meta":{"footnotes":""},"class_list":["post-2","page","type-page","status-publish","hentry"],"yoast_head":"<!-- This site is optimized with the Yoast SEO plugin v27.4 - https:\/\/yoast.com\/product\/yoast-seo-wordpress\/ -->\n<title>Inicio - Trans R.Urdangarin<\/title>\n<meta name=\"robots\" content=\"index, follow, max-snippet:-1, max-image-preview:large, max-video-preview:-1\" \/>\n<link rel=\"canonical\" href=\"https:\/\/transportesurdangarin.com\/eus\/\" \/>\n<meta property=\"og:locale\" content=\"en_US\" \/>\n<meta property=\"og:type\" content=\"article\" \/>\n<meta property=\"og:title\" content=\"Inicio - Trans R.Urdangarin\" \/>\n<meta property=\"og:description\" content=\"BIENVENIDOS A TRANS R.URDANGARIN Sobre Nosotros Profesional del transporte comarcal en Euskadi con m\u00e1s de 30 a\u00f1os de experiencia como aut\u00f3nomo, dedicado a brindar un servicio de calidad y eficiente a nuestros clientes en la regi\u00f3n. \u00bfQuieres saber m\u00e1s sobre nuestro trabajo? Ver Servicios\" \/>\n<meta property=\"og:url\" content=\"https:\/\/transportesurdangarin.com\/eus\/\" \/>\n<meta property=\"og:site_name\" content=\"Trans R.Urdangarin\" \/>\n<meta property=\"article:modified_time\" content=\"2024-06-07T09:59:21+00:00\" \/>\n<meta property=\"og:image\" content=\"https:\/\/transportesurdangarin.com\/wp-content\/uploads\/2024\/06\/WhatsApp-Image-2024-06-07-at-11.31.38.jpeg\" \/>\n<meta name=\"twitter:card\" content=\"summary_large_image\" \/>\n<meta name=\"twitter:label1\" content=\"Est. reading time\" \/>\n\t<meta name=\"twitter:data1\" content=\"1 minutua\" \/>\n<script type=\"application\/ld+json\" class=\"yoast-schema-graph\">{\"@context\":\"https:\\\/\\\/schema.org\",\"@graph\":[{\"@type\":\"WebPage\",\"@id\":\"https:\\\/\\\/transportesurdangarin.com\\\/\",\"url\":\"https:\\\/\\\/transportesurdangarin.com\\\/\",\"name\":\"Inicio - Trans R.Urdangarin\",\"isPartOf\":{\"@id\":\"https:\\\/\\\/transportesurdangarin.com\\\/#website\"},\"primaryImageOfPage\":{\"@id\":\"https:\\\/\\\/transportesurdangarin.com\\\/#primaryimage\"},\"image\":{\"@id\":\"https:\\\/\\\/transportesurdangarin.com\\\/#primaryimage\"},\"thumbnailUrl\":\"https:\\\/\\\/transportesurdangarin.com\\\/wp-content\\\/uploads\\\/2024\\\/06\\\/WhatsApp-Image-2024-06-07-at-11.31.38.jpeg\",\"datePublished\":\"2024-06-06T16:11:41+00:00\",\"dateModified\":\"2024-06-07T09:59:21+00:00\",\"breadcrumb\":{\"@id\":\"https:\\\/\\\/transportesurdangarin.com\\\/#breadcrumb\"},\"inLanguage\":\"eu\",\"potentialAction\":[{\"@type\":\"ReadAction\",\"target\":[\"https:\\\/\\\/transportesurdangarin.com\\\/\"]}]},{\"@type\":\"ImageObject\",\"inLanguage\":\"eu\",\"@id\":\"https:\\\/\\\/transportesurdangarin.com\\\/#primaryimage\",\"url\":\"https:\\\/\\\/transportesurdangarin.com\\\/wp-content\\\/uploads\\\/2024\\\/06\\\/WhatsApp-Image-2024-06-07-at-11.31.38.jpeg\",\"contentUrl\":\"https:\\\/\\\/transportesurdangarin.com\\\/wp-content\\\/uploads\\\/2024\\\/06\\\/WhatsApp-Image-2024-06-07-at-11.31.38.jpeg\"},{\"@type\":\"BreadcrumbList\",\"@id\":\"https:\\\/\\\/transportesurdangarin.com\\\/#breadcrumb\",\"itemListElement\":[{\"@type\":\"ListItem\",\"position\":1,\"name\":\"Portada\",\"item\":\"https:\\\/\\\/transportesurdangarin.com\\\/\"},{\"@type\":\"ListItem\",\"position\":2,\"name\":\"Inicio\"}]},{\"@type\":\"WebSite\",\"@id\":\"https:\\\/\\\/transportesurdangarin.com\\\/#website\",\"url\":\"https:\\\/\\\/transportesurdangarin.com\\\/\",\"name\":\"Trans R.Urdangarin\",\"description\":\"Profesional del transporte comarcal en Euskadi con m\u00e1s de 30 a\u00f1os de experiencia como aut\u00f3nomo, dedicado a brindar un servicio de calidad y eficiente a nuestros clientes en la regi\u00f3n.\",\"publisher\":{\"@id\":\"https:\\\/\\\/transportesurdangarin.com\\\/#organization\"},\"potentialAction\":[{\"@type\":\"SearchAction\",\"target\":{\"@type\":\"EntryPoint\",\"urlTemplate\":\"https:\\\/\\\/transportesurdangarin.com\\\/?s={search_term_string}\"},\"query-input\":{\"@type\":\"PropertyValueSpecification\",\"valueRequired\":true,\"valueName\":\"search_term_string\"}}],\"inLanguage\":\"eu\"},{\"@type\":\"Organization\",\"@id\":\"https:\\\/\\\/transportesurdangarin.com\\\/#organization\",\"name\":\"Trans R.Urdangarin\",\"url\":\"https:\\\/\\\/transportesurdangarin.com\\\/\",\"logo\":{\"@type\":\"ImageObject\",\"inLanguage\":\"eu\",\"@id\":\"https:\\\/\\\/transportesurdangarin.com\\\/#\\\/schema\\\/logo\\\/image\\\/\",\"url\":\"https:\\\/\\\/transportesurdangarin.com\\\/wp-content\\\/uploads\\\/2024\\\/06\\\/cropped-Trans-R.urdangarin-e1717753611219.png\",\"contentUrl\":\"https:\\\/\\\/transportesurdangarin.com\\\/wp-content\\\/uploads\\\/2024\\\/06\\\/cropped-Trans-R.urdangarin-e1717753611219.png\",\"width\":312,\"height\":145,\"caption\":\"Trans R.Urdangarin\"},\"image\":{\"@id\":\"https:\\\/\\\/transportesurdangarin.com\\\/#\\\/schema\\\/logo\\\/image\\\/\"}}]}<\/script>\n<!-- \/ Yoast SEO plugin. -->","yoast_head_json":{"title":"Inicio - Trans R.Urdangarin","robots":{"index":"index","follow":"follow","max-snippet":"max-snippet:-1","max-image-preview":"max-image-preview:large","max-video-preview":"max-video-preview:-1"},"canonical":"https:\/\/transportesurdangarin.com\/eus\/","og_locale":"en_US","og_type":"article","og_title":"Inicio - Trans R.Urdangarin","og_description":"BIENVENIDOS A TRANS R.URDANGARIN Sobre Nosotros Profesional del transporte comarcal en Euskadi con m\u00e1s de 30 a\u00f1os de experiencia como aut\u00f3nomo, dedicado a brindar un servicio de calidad y eficiente a nuestros clientes en la regi\u00f3n. \u00bfQuieres saber m\u00e1s sobre nuestro trabajo? Ver Servicios","og_url":"https:\/\/transportesurdangarin.com\/eus\/","og_site_name":"Trans R.Urdangarin","article_modified_time":"2024-06-07T09:59:21+00:00","og_image":[{"url":"https:\/\/transportesurdangarin.com\/wp-content\/uploads\/2024\/06\/WhatsApp-Image-2024-06-07-at-11.31.38.jpeg","type":"","width":"","height":""}],"twitter_card":"summary_large_image","twitter_misc":{"Est. reading time":"1 minutua"},"schema":{"@context":"https:\/\/schema.org","@graph":[{"@type":"WebPage","@id":"https:\/\/transportesurdangarin.com\/","url":"https:\/\/transportesurdangarin.com\/","name":"Inicio - Trans R.Urdangarin","isPartOf":{"@id":"https:\/\/transportesurdangarin.com\/#website"},"primaryImageOfPage":{"@id":"https:\/\/transportesurdangarin.com\/#primaryimage"},"image":{"@id":"https:\/\/transportesurdangarin.com\/#primaryimage"},"thumbnailUrl":"https:\/\/transportesurdangarin.com\/wp-content\/uploads\/2024\/06\/WhatsApp-Image-2024-06-07-at-11.31.38.jpeg","datePublished":"2024-06-06T16:11:41+00:00","dateModified":"2024-06-07T09:59:21+00:00","breadcrumb":{"@id":"https:\/\/transportesurdangarin.com\/#breadcrumb"},"inLanguage":"eu","potentialAction":[{"@type":"ReadAction","target":["https:\/\/transportesurdangarin.com\/"]}]},{"@type":"ImageObject","inLanguage":"eu","@id":"https:\/\/transportesurdangarin.com\/#primaryimage","url":"https:\/\/transportesurdangarin.com\/wp-content\/uploads\/2024\/06\/WhatsApp-Image-2024-06-07-at-11.31.38.jpeg","contentUrl":"https:\/\/transportesurdangarin.com\/wp-content\/uploads\/2024\/06\/WhatsApp-Image-2024-06-07-at-11.31.38.jpeg"},{"@type":"BreadcrumbList","@id":"https:\/\/transportesurdangarin.com\/#breadcrumb","itemListElement":[{"@type":"ListItem","position":1,"name":"Portada","item":"https:\/\/transportesurdangarin.com\/"},{"@type":"ListItem","position":2,"name":"Inicio"}]},{"@type":"WebSite","@id":"https:\/\/transportesurdangarin.com\/#website","url":"https:\/\/transportesurdangarin.com\/","name":"Trans R.Urdangarin","description":"Euskadiko eskualdeko garraioko profesional honek 30 urte baino gehiagoko esperientzia du autonomo gisa, eta kalitatezko zerbitzu eraginkorra eskaintzen die eskualdean ditugun bezeroei.","publisher":{"@id":"https:\/\/transportesurdangarin.com\/#organization"},"potentialAction":[{"@type":"SearchAction","target":{"@type":"EntryPoint","urlTemplate":"https:\/\/transportesurdangarin.com\/?s={search_term_string}"},"query-input":{"@type":"PropertyValueSpecification","valueRequired":true,"valueName":"search_term_string"}}],"inLanguage":"eu"},{"@type":"Organization","@id":"https:\/\/transportesurdangarin.com\/#organization","name":"Trans R.Urdangarin","url":"https:\/\/transportesurdangarin.com\/","logo":{"@type":"ImageObject","inLanguage":"eu","@id":"https:\/\/transportesurdangarin.com\/#\/schema\/logo\/image\/","url":"https:\/\/transportesurdangarin.com\/wp-content\/uploads\/2024\/06\/cropped-Trans-R.urdangarin-e1717753611219.png","contentUrl":"https:\/\/transportesurdangarin.com\/wp-content\/uploads\/2024\/06\/cropped-Trans-R.urdangarin-e1717753611219.png","width":312,"height":145,"caption":"Trans R.Urdangarin"},"image":{"@id":"https:\/\/transportesurdangarin.com\/#\/schema\/logo\/image\/"}}]}},"_links":{"self":[{"href":"https:\/\/transportesurdangarin.com\/eus\/wp-json\/wp\/v2\/pages\/2","targetHints":{"allow":["GET"]}}],"collection":[{"href":"https:\/\/transportesurdangarin.com\/eus\/wp-json\/wp\/v2\/pages"}],"about":[{"href":"https:\/\/transportesurdangarin.com\/eus\/wp-json\/wp\/v2\/types\/page"}],"author":[{"embeddable":true,"href":"https:\/\/transportesurdangarin.com\/eus\/wp-json\/wp\/v2\/users\/1"}],"replies":[{"embeddable":true,"href":"https:\/\/transportesurdangarin.com\/eus\/wp-json\/wp\/v2\/comments?post=2"}],"version-history":[{"count":104,"href":"https:\/\/transportesurdangarin.com\/eus\/wp-json\/wp\/v2\/pages\/2\/revisions"}],"predecessor-version":[{"id":406,"href":"https:\/\/transportesurdangarin.com\/eus\/wp-json\/wp\/v2\/pages\/2\/revisions\/406"}],"wp:attachment":[{"href":"https:\/\/transportesurdangarin.com\/eus\/wp-json\/wp\/v2\/media?parent=2"}],"curies":[{"name":"wp","href":"https:\/\/api.w.org\/{rel}","templated":true}]}}